{"id":2059,"date":"2019-07-03T08:22:51","date_gmt":"2019-07-03T08:22:51","guid":{"rendered":"http:\/\/proteo.yithemes.com\/classic-shop\/?post_type=product&#038;p=2059"},"modified":"2026-03-10T15:08:10","modified_gmt":"2026-03-10T15:08:10","slug":"scamorza","status":"publish","type":"product","link":"https:\/\/caseificioleuci.it\/index.php\/product\/scamorza\/","title":{"rendered":"Scamorza Affumicata"},"content":{"rendered":"<p><strong>Scamorza Affumicata \u201cLeuci<\/strong>\u201d 100% prodotto con Latte di Bufala: formaggio semiduro a pasta filata, prodotto con solo latte di bufala pastorizzato e dal retrogusto lievemente affumicato.<\/p>\n<p><em>Valori Nutrizionali\u00a0 \u00a0 \u00a0 \u00a0 \u00a0 \u00a0 \u00a0 Per 100g<\/em><br \/>\n<strong>Energia<\/strong>\u00a0 \u00a0 \u00a0 \u00a0 \u00a0 \u00a0 \u00a0 \u00a0 \u00a0 \u00a0 \u00a0 \u00a0 \u00a0 \u00a0 \u00a0 281KJ\/1164Kcal<br \/>\n<strong>Grassi\u00a0 \u00a0 \u00a0 \u00a0 \u00a0 \u00a0 \u00a0 \u00a0 \u00a0 \u00a0 \u00a0 \u00a0 \u00a0 \u00a0 \u00a0 \u00a0<\/strong> 23.5g<br \/>\n<strong>\u2013 di cui saturi\u00a0 \u00a0 \u00a0 \u00a0 \u00a0 \u00a0 \u00a0 \u00a0 \u00a0<\/strong>15.2g<br \/>\n<strong>Carboidrati\u00a0<\/strong>\u00a0 \u00a0 \u00a0 \u00a0 \u00a0 \u00a0 \u00a0 \u00a0 \u00a0 \u00a0 \u00a00.0g<br \/>\n<strong>\u2013 di cui zuccheri\u00a0<\/strong>\u00a0 \u00a0 \u00a0 \u00a0 \u00a0 \u00a00.0g<br \/>\n<strong>Proteine<\/strong>\u00a0 \u00a0 \u00a0 \u00a0 \u00a0 \u00a0 \u00a0 \u00a0 \u00a0 \u00a0 \u00a0 \u00a0 \u00a0 \u00a0 17.3g<br \/>\n<strong>Sale\u00a0<\/strong>\u00a0 \u00a0 \u00a0 \u00a0 \u00a0 \u00a0 \u00a0 \u00a0 \u00a0 \u00a0 \u00a0 \u00a0 \u00a0 \u00a0 \u00a0 \u00a0 \u00a0 \u00a0 \u00a01.1g<\/p>\n<p><strong>Fibra <\/strong>\u00a0 \u00a0 \u00a0 \u00a0 \u00a0 \u00a0 \u00a0 \u00a0 \u00a0 \u00a0 \u00a0 \u00a0 \u00a0 \u00a0 \u00a0 \u00a0 \u00a0 0g<\/p>\n<p><strong>Lavorazione:<\/strong> La cagliata, insieme al siero, viene riscaldata per ottenere la \u201cpasta cotta\u201d; un termine legato alla tradizione casara, che nei gesti antichi descrive bene una fase cruciale della preparazione. Successivamente viene filato e formato a mano per ottenere la sua particolare sagoma.<\/p>\n<p>Per i prodotti stagionati, solitamente di pezzature pi\u00f9 grosse, la maturazione pu\u00f2 raggiungere i 12 o pi\u00f9 mesi grazie ad apposite celle frigorifere con temperatura ed umidit\u00e0 controllate, provviste oltres\u00ec di speciali lampade UV utili a garantire l\u2019asetticit\u00e0 degli ambienti e dei prodotti al loro interno.<\/p>\n<p><strong>Conservazione:<\/strong> Il prodotto va consumato a temperatura ambiente e va conservato in un luogo fresco e asciutto o in frigo a 4\u00b0C.<\/p>\n<p>&nbsp;<\/p>\n","protected":false},"excerpt":{"rendered":"<p><strong>Formato: 250 gr circa.<\/strong><\/p>\n","protected":false},"featured_media":7683,"comment_status":"open","ping_status":"closed","template":"","meta":{"_editorskit_title_hidden":false,"_editorskit_reading_time":0,"_editorskit_is_block_options_detached":false,"_editorskit_block_options_position":"{}"},"product_brand":[],"product_cat":[42],"product_tag":[],"class_list":{"0":"post-2059","1":"product","2":"type-product","3":"status-publish","4":"has-post-thumbnail","6":"product_cat-latticini","8":"first","9":"instock","10":"shipping-taxable","11":"purchasable","12":"product-type-variable"},"jetpack_sharing_enabled":true,"_links":{"self":[{"href":"https:\/\/caseificioleuci.it\/index.php\/wp-json\/wp\/v2\/product\/2059","targetHints":{"allow":["GET"]}}],"collection":[{"href":"https:\/\/caseificioleuci.it\/index.php\/wp-json\/wp\/v2\/product"}],"about":[{"href":"https:\/\/caseificioleuci.it\/index.php\/wp-json\/wp\/v2\/types\/product"}],"replies":[{"embeddable":true,"href":"https:\/\/caseificioleuci.it\/index.php\/wp-json\/wp\/v2\/comments?post=2059"}],"wp:featuredmedia":[{"embeddable":true,"href":"https:\/\/caseificioleuci.it\/index.php\/wp-json\/wp\/v2\/media\/7683"}],"wp:attachment":[{"href":"https:\/\/caseificioleuci.it\/index.php\/wp-json\/wp\/v2\/media?parent=2059"}],"wp:term":[{"taxonomy":"product_brand","embeddable":true,"href":"https:\/\/caseificioleuci.it\/index.php\/wp-json\/wp\/v2\/product_brand?post=2059"},{"taxonomy":"product_cat","embeddable":true,"href":"https:\/\/caseificioleuci.it\/index.php\/wp-json\/wp\/v2\/product_cat?post=2059"},{"taxonomy":"product_tag","embeddable":true,"href":"https:\/\/caseificioleuci.it\/index.php\/wp-json\/wp\/v2\/product_tag?post=2059"}],"curies":[{"name":"wp","href":"https:\/\/api.w.org\/{rel}","templated":true}]}}