{"id":2074,"date":"2019-07-03T10:21:27","date_gmt":"2019-07-03T10:21:27","guid":{"rendered":"http:\/\/proteo.yithemes.com\/classic-shop\/?post_type=product&#038;p=2074"},"modified":"2024-11-11T16:31:13","modified_gmt":"2024-11-11T16:31:13","slug":"sfoglia","status":"publish","type":"product","link":"https:\/\/caseificioleuci.it\/index.php\/product\/sfoglia\/","title":{"rendered":"Sfoglia di Mozzarella prodotto con Latte di Bufala"},"content":{"rendered":"<p><strong>Sfoglia di Mozzarella \u201cLeuci\u201d<\/strong> prodotto con latte di bufala: formaggio fresco a pasta filata pronta da farcire con salumi, verdure, pesce e tutto ci\u00f2 che desideri! prima di tutto \u00e8 un prodotto con solo latte di bufala pastorizzato per questo motivo rende il suo colore bianco porcellana, la sua superficie liscia, la sua consistenza inizialmente elastica e pi\u00f9 fondente sono caratteristiche essenziali del suo aspetto, inoltre al suo taglio vi \u00e8 fuoriuscita di sierosit\u00e0 biancastra dal profumo di fermenti lattici.<\/p>\n<p>Latte di bufala fresco e intero; Caglio; Sale<\/p>\n<p><em>Valori Nutrizionali\u00a0 \u00a0 \u00a0 \u00a0 \u00a0 \u00a0 \u00a0 Per 100g<\/em><br \/>\n<strong>Acqua\u00a0 \u00a0 \u00a0 \u00a0 \u00a0 \u00a0 \u00a0 \u00a0 \u00a0 \u00a0 \u00a0 \u00a0 \u00a0 \u00a0 \u00a0 \u00a0 \u00a0<\/strong>56 g<br \/>\n<strong>Proteine\u00a0 \u00a0 \u00a0 \u00a0 \u00a0 \u00a0 \u00a0 \u00a0 \u00a0 \u00a0 \u00a0 \u00a0 \u00a0 \u00a0 <\/strong>18g<br \/>\n<strong>Grassi (lipidi)\u00a0 \u00a0 \u00a0 \u00a0 \u00a0 \u00a0 \u00a0 \u00a0 \u00a0<\/strong>21g<br \/>\n<strong>Glucidi\u00a0 \u00a0 \u00a0 \u00a0 \u00a0 \u00a0 \u00a0 \u00a0 \u00a0 \u00a0 \u00a0 \u00a0 \u00a0 \u00a0 \u00a0 <\/strong>4.6g<br \/>\n<strong>Ferro\u00a0 \u00a0 \u00a0 \u00a0 \u00a0 \u00a0 \u00a0 \u00a0 \u00a0 \u00a0 \u00a0 <\/strong>\u00a0 \u00a0 \u00a0 \u00a0 \u00a0 \u00a00.2mg<br \/>\n<strong>Calcio\u00a0 \u00a0 \u00a0 \u00a0 \u00a0 \u00a0 \u00a0 \u00a0 \u00a0 \u00a0 \u00a0 \u00a0 \u00a0 \u00a0 \u00a0 \u00a0<\/strong>403mg<br \/>\n<strong>Fosforo\u00a0 \u00a0 \u00a0 \u00a0 \u00a0 \u00a0 \u00a0 \u00a0 \u00a0 \u00a0 \u00a0 \u00a0 \u00a0 \u00a0<\/strong>240mg<\/p>\n<p>Il suo sapore \u00e8 sempre deciso, ma al tempo stesso delicato.<\/p>\n","protected":false},"excerpt":{"rendered":"<p><strong>Formato: 1Kg, 2Kg;<\/strong><\/p>\n","protected":false},"featured_media":7689,"comment_status":"open","ping_status":"closed","template":"","meta":{"_editorskit_title_hidden":false,"_editorskit_reading_time":0,"_editorskit_is_block_options_detached":false,"_editorskit_block_options_position":"{}"},"product_brand":[],"product_cat":[42],"product_tag":[],"class_list":{"0":"post-2074","1":"product","2":"type-product","3":"status-publish","4":"has-post-thumbnail","6":"product_cat-latticini","8":"first","9":"instock","10":"shipping-taxable","11":"purchasable","12":"product-type-variable"},"jetpack_sharing_enabled":true,"_links":{"self":[{"href":"https:\/\/caseificioleuci.it\/index.php\/wp-json\/wp\/v2\/product\/2074","targetHints":{"allow":["GET"]}}],"collection":[{"href":"https:\/\/caseificioleuci.it\/index.php\/wp-json\/wp\/v2\/product"}],"about":[{"href":"https:\/\/caseificioleuci.it\/index.php\/wp-json\/wp\/v2\/types\/product"}],"replies":[{"embeddable":true,"href":"https:\/\/caseificioleuci.it\/index.php\/wp-json\/wp\/v2\/comments?post=2074"}],"wp:featuredmedia":[{"embeddable":true,"href":"https:\/\/caseificioleuci.it\/index.php\/wp-json\/wp\/v2\/media\/7689"}],"wp:attachment":[{"href":"https:\/\/caseificioleuci.it\/index.php\/wp-json\/wp\/v2\/media?parent=2074"}],"wp:term":[{"taxonomy":"product_brand","embeddable":true,"href":"https:\/\/caseificioleuci.it\/index.php\/wp-json\/wp\/v2\/product_brand?post=2074"},{"taxonomy":"product_cat","embeddable":true,"href":"https:\/\/caseificioleuci.it\/index.php\/wp-json\/wp\/v2\/product_cat?post=2074"},{"taxonomy":"product_tag","embeddable":true,"href":"https:\/\/caseificioleuci.it\/index.php\/wp-json\/wp\/v2\/product_tag?post=2074"}],"curies":[{"name":"wp","href":"https:\/\/api.w.org\/{rel}","templated":true}]}}